{"id":180,"date":"2022-05-19T10:24:52","date_gmt":"2022-05-19T08:24:52","guid":{"rendered":"http:\/\/petits-mots-damour.com\/?page_id=180"},"modified":"2022-05-19T10:24:52","modified_gmt":"2022-05-19T08:24:52","slug":"formulaire-de-demande-de-personnalisation-naissance","status":"publish","type":"page","link":"https:\/\/petits-mots-damour.com\/index.php\/formulaire-de-demande-de-personnalisation-naissance\/","title":{"rendered":"Formulaire de demande de personnalisation &#8211; Naissance"},"content":{"rendered":"\n<div class=\"wpcf7 no-js\" id=\"wpcf7-f157-o1\" lang=\"fr-FR\" dir=\"ltr\">\n<div class=\"screen-reader-response\"><p role=\"status\" aria-live=\"polite\" aria-atomic=\"true\"><\/p> <ul><\/ul><\/div>\n<form action=\"\/index.php\/wp-json\/wp\/v2\/pages\/180#wpcf7-f157-o1\" method=\"post\" class=\"wpcf7-form init\" aria-label=\"Formulaire de contact\" enctype=\"multipart\/form-data\" novalidate=\"novalidate\" data-status=\"init\">\n<div style=\"display: none;\">\n<input type=\"hidden\" name=\"_wpcf7\" value=\"157\" \/>\n<input type=\"hidden\" name=\"_wpcf7_version\" value=\"5.9.8\" \/>\n<input type=\"hidden\" name=\"_wpcf7_locale\" value=\"fr_FR\" \/>\n<input type=\"hidden\" name=\"_wpcf7_unit_tag\" value=\"wpcf7-f157-o1\" \/>\n<input type=\"hidden\" name=\"_wpcf7_container_post\" value=\"0\" \/>\n<input type=\"hidden\" name=\"_wpcf7_posted_data_hash\" value=\"\" \/>\n<\/div>\n<p><label> S\u00e9lectionnez votre cat\u00e9gorie naissance * <\/label><br \/>\n<span class=\"wpcf7-form-control-wrap\" data-name=\"checkbox-998\"><span class=\"wpcf7-form-control wpcf7-checkbox wpcf7-validates-as-required wpcf7-exclusive-checkbox\"><span class=\"wpcf7-list-item first\"><label><input type=\"checkbox\" name=\"checkbox-998\" value=\"Faire part\" \/><span class=\"wpcf7-list-item-label\">Faire part<\/span><\/label><\/span><span class=\"wpcf7-list-item last\"><label><input type=\"checkbox\" name=\"checkbox-998\" value=\"Carte de remerciements\" \/><span class=\"wpcf7-list-item-label\">Carte de remerciements<\/span><\/label><\/span><\/span><\/span>\n<\/p>\n<p><label> S\u00e9lectionnez le nom du mod\u00e8le que vous avez choisi * <\/label><br \/>\n[group group-Faire part]<br \/>\n<span class=\"wpcf7-form-control-wrap\" data-name=\"Naissance\"><select class=\"wpcf7-form-control wpcf7-select wpcf7-validates-as-required\" aria-required=\"true\" aria-invalid=\"false\" name=\"Naissance\"><option value=\"1\">1<\/option><option value=\"2\">2<\/option><option value=\"3\">3<\/option><\/select><\/span><br \/>\n[\/group]\n<\/p>\n<p>[group group-Carte de remerciements]<br \/>\n<span class=\"wpcf7-form-control-wrap\" data-name=\"Carte\"><select class=\"wpcf7-form-control wpcf7-select wpcf7-validates-as-required\" aria-required=\"true\" aria-invalid=\"false\" name=\"Carte\"><option value=\"1\">1<\/option><option value=\"2\">2<\/option><option value=\"3\">3<\/option><\/select><\/span><br \/>\n[\/group]\n<\/p>\n<h2>&nbsp;\n<\/h2>\n<p><label> Vos noms et pr\u00e9noms *<br \/>\n<span class=\"wpcf7-form-control-wrap\" data-name=\"Noms-prenoms\"><input size=\"40\" maxlength=\"400\" class=\"wpcf7-form-control wpcf7-text wpcf7-validates-as-required\" aria-required=\"true\" aria-invalid=\"false\" placeholder=\"Exemple : Dimitri VILLIERS et Sarah BERNAY\" value=\"\" type=\"text\" name=\"Noms-prenoms\" \/><\/span> <\/label>\n<\/p>\n<p><label> Le pr\u00e9nom de votre enfant *<br \/>\n<span class=\"wpcf7-form-control-wrap\" data-name=\"prenom-enfant\"><input size=\"40\" maxlength=\"400\" class=\"wpcf7-form-control wpcf7-text wpcf7-validates-as-required\" aria-required=\"true\" aria-invalid=\"false\" value=\"\" type=\"text\" name=\"prenom-enfant\" \/><\/span> <\/label>\n<\/p>\n<p><label> La date de sa naissance *<br \/>\n<span class=\"wpcf7-form-control-wrap\" data-name=\"date-naissance\"><input class=\"wpcf7-form-control wpcf7-date wpcf7-validates-as-required wpcf7-validates-as-date\" aria-required=\"true\" aria-invalid=\"false\" value=\"\" type=\"date\" name=\"date-naissance\" \/><\/span> <\/label>\n<\/p>\n<p><label> L'heure de sa naissance *<br \/>\n<span class=\"wpcf7-form-control-wrap\" data-name=\"heure\"><input size=\"40\" maxlength=\"400\" class=\"wpcf7-form-control wpcf7-text wpcf7-validates-as-required\" aria-required=\"true\" aria-invalid=\"false\" placeholder=\"Exemple : 18h15\" value=\"\" type=\"text\" name=\"heure\" \/><\/span> <\/label>\n<\/p>\n<p><label> Son poids de naissance *<br \/>\n<span class=\"wpcf7-form-control-wrap\" data-name=\"poids\"><input size=\"40\" maxlength=\"400\" class=\"wpcf7-form-control wpcf7-text wpcf7-validates-as-required\" aria-required=\"true\" aria-invalid=\"false\" placeholder=\"Exemple : 3,125kg\" value=\"\" type=\"text\" name=\"poids\" \/><\/span> <\/label>\n<\/p>\n<p><label> Sa taille de naissance *<br \/>\n<span class=\"wpcf7-form-control-wrap\" data-name=\"taille\"><input size=\"40\" maxlength=\"400\" class=\"wpcf7-form-control wpcf7-text wpcf7-validates-as-required\" aria-required=\"true\" aria-invalid=\"false\" placeholder=\"Exemple : 50cm\" value=\"\" type=\"text\" name=\"taille\" \/><\/span> <\/label>\n<\/p>\n<p><label> Autres informations \u00e0 faire appara\u00eetre<br \/>\n<span class=\"wpcf7-form-control-wrap\" data-name=\"autres-infos\"><textarea cols=\"40\" rows=\"10\" maxlength=\"2000\" class=\"wpcf7-form-control wpcf7-textarea\" aria-invalid=\"false\" name=\"autres-infos\"><\/textarea><\/span> <\/label>\n<\/p>\n<p><label> Couleurs souhait\u00e9es (3 maximums) *<br \/>\n<span class=\"wpcf7-form-control-wrap\" data-name=\"couleurs-theme\"><input size=\"40\" maxlength=\"400\" class=\"wpcf7-form-control wpcf7-text wpcf7-validates-as-required\" aria-required=\"true\" aria-invalid=\"false\" placeholder=\"Exemple : Emeraude, menthe, noir\" value=\"\" type=\"text\" name=\"couleurs-theme\" \/><\/span> <\/label>\n<\/p>\n<p><label> Votre adresse e-mail *<br \/>\n<span class=\"wpcf7-form-control-wrap\" data-name=\"email-client\"><input size=\"40\" maxlength=\"400\" class=\"wpcf7-form-control wpcf7-email wpcf7-validates-as-required wpcf7-text wpcf7-validates-as-email\" aria-required=\"true\" aria-invalid=\"false\" value=\"\" type=\"email\" name=\"email-client\" \/><\/span> <\/label>\n<\/p>\n<p><label> Votre adresse postale *<br \/>\n<span class=\"wpcf7-form-control-wrap\" data-name=\"adresse-postale\"><input size=\"40\" maxlength=\"400\" class=\"wpcf7-form-control wpcf7-text wpcf7-validates-as-required\" aria-required=\"true\" aria-invalid=\"false\" value=\"\" type=\"text\" name=\"adresse-postale\" \/><\/span> <\/label>\n<\/p>\n<p><label> Votre num\u00e9ro de t\u00e9l\u00e9phone *<br \/>\n<span class=\"wpcf7-form-control-wrap\" data-name=\"telephone\"><input size=\"40\" maxlength=\"400\" class=\"wpcf7-form-control wpcf7-tel wpcf7-validates-as-required wpcf7-text wpcf7-validates-as-tel\" aria-required=\"true\" aria-invalid=\"false\" value=\"\" type=\"tel\" name=\"telephone\" \/><\/span> <\/label>\n<\/p>\n<p><span class=\"wpcf7-form-control-wrap\" data-name=\"file-224\"><input size=\"40\" class=\"wpcf7-form-control wpcf7-file wpcf7-validates-as-required\" accept=\".jpg\" aria-required=\"true\" aria-invalid=\"false\" type=\"file\" name=\"file-224\" \/><\/span><br \/>\n<span class=\"wpcf7-form-control-wrap\" data-name=\"file-225\"><input size=\"40\" class=\"wpcf7-form-control wpcf7-file wpcf7-validates-as-required\" accept=\".jpg\" aria-required=\"true\" aria-invalid=\"false\" type=\"file\" name=\"file-225\" \/><\/span><br \/>\n<span class=\"wpcf7-form-control-wrap\" data-name=\"file-226\"><input size=\"40\" class=\"wpcf7-form-control wpcf7-file wpcf7-validates-as-required\" accept=\".jpg\" aria-required=\"true\" aria-invalid=\"false\" type=\"file\" name=\"file-226\" \/><\/span>\n<\/p>\n<p>Si vos photos sont trop lourdes, merci de nous les envoyer via la plateforme de t\u00e9l\u00e9chargement wetransfer.com \u00e0 l'adresse contact@petits-mots-damour.com en rappelant votre nom et pr\u00e9nom.\n<\/p>\n<p><span class=\"wpcf7-form-control-wrap\" data-name=\"acceptance-756\"><span class=\"wpcf7-form-control wpcf7-acceptance\"><span class=\"wpcf7-list-item\"><label><input type=\"checkbox\" name=\"acceptance-756\" value=\"1\" aria-invalid=\"false\" \/><span class=\"wpcf7-list-item-label\">J'accepte que les informations saisies ci-dessus soient utilis\u00e9es pour la r\u00e9alisation de la maquette demand\u00e9e.<\/span><\/label><\/span><\/span><\/span>\n<\/p>\n<p>* champs obligatoires\n<\/p>\n<p><span class=\"wpcf7-form-control-wrap kc_captcha\" data-name=\"kc_captcha\"><span class=\"wpcf7-form-control wpcf7-radio\"><span class=\"captcha-image\" ><span class=\"cf7ic_instructions\">Veuillez prouver que vous \u00eates humain en s\u00e9lectionnant<span> la maison<\/span>.<\/span><label><input aria-label=\"1\" type=\"radio\" name=\"kc_captcha\" value=\"kc_human\" \/><svg aria-hidden=\"true\" role=\"img\" xmlns=\"http:\/\/www.w3.org\/2000\/svg\" viewBox=\"0 0 576 512\"><path fill=\"currentColor\" d=\"M488 313v143c0 13-11 24-24 24H348c-7 0-12-5-12-12V356c0-7-5-12-12-12h-72c-7 0-12 5-12 12v112c0 7-5 12-12 12H112c-13 0-24-11-24-24V313c0-4 2-7 4-10l188-154c5-4 11-4 16 0l188 154c2 3 4 6 4 10zm84-61l-84-69V44c0-6-5-12-12-12h-56c-7 0-12 6-12 12v73l-89-74a48 48 0 00-61 0L4 252c-5 4-5 12-1 17l25 31c5 5 12 5 17 1l235-193c5-4 11-4 16 0l235 193c5 5 13 4 17-1l25-31c4-6 4-13-1-17z\"\/><\/svg><\/label><label><input aria-label=\"2\" type=\"radio\" name=\"kc_captcha\" value=\"bot\" \/><svg aria-hidden=\"true\" role=\"img\" xmlns=\"http:\/\/www.w3.org\/2000\/svg\" viewBox=\"0 0 640 512\"><path fill=\"currentColor\" d=\"M192 384h192c53 0 96-43 96-96h32a128 128 0 000-256H120c-13 0-24 11-24 24v232c0 53 43 96 96 96zM512 96a64 64 0 010 128h-32V96h32zm48 384H48c-47 0-61-64-36-64h584c25 0 11 64-36 64z\"\/><\/svg><\/label><label><input aria-label=\"3\" type=\"radio\" name=\"kc_captcha\" value=\"bot\" \/><svg aria-hidden=\"true\" role=\"img\" xmlns=\"http:\/\/www.w3.org\/2000\/svg\" viewBox=\"0 0 512 512\"><path fill=\"currentColor\" d=\"M512 176a176 176 0 01-209 173l-24 27a24 24 0 01-18 8h-37v40c0 13-11 24-24 24h-40v40c0 13-11 24-24 24H24c-13 0-24-11-24-24v-78c0-6 3-13 7-17l162-162a176 176 0 11343-55zm-176-48a48 48 0 1096 0 48 48 0 00-96 0z\"\/><\/svg><\/label>\r\n    <\/span>\r\n    <span style=\"display:none\">\r\n        <input type=\"text\" name=\"kc_honeypot\">\r\n    <\/span><\/span><\/span>\n<\/p>\n<p>Attention aux fautes qui pourraient s'\u00eatre gliss\u00e9es dans le formulaire.<br \/>\n<input class=\"wpcf7-form-control wpcf7-submit has-spinner\" type=\"submit\" value=\"Envoyer ma demande\" \/>\n<\/p><div class=\"wpcf7-response-output\" aria-hidden=\"true\"><\/div>\n<\/form>\n<\/div>\n\n","protected":false},"excerpt":{"rendered":"","protected":false},"author":1,"featured_media":0,"parent":0,"menu_order":0,"comment_status":"closed","ping_status":"closed","template":"","meta":{"footnotes":""},"yoast_head":"<!-- This site is optimized with the Yoast SEO plugin v24.5 - https:\/\/yoast.com\/wordpress\/plugins\/seo\/ -->\n<title>Formulaire de demande de personnalisation - Naissance -<\/title>\n<meta name=\"robots\" content=\"index, follow, max-snippet:-1, max-image-preview:large, max-video-preview:-1\" \/>\n<link rel=\"canonical\" href=\"https:\/\/petits-mots-damour.com\/index.php\/formulaire-de-demande-de-personnalisation-naissance\/\" \/>\n<meta property=\"og:locale\" content=\"fr_FR\" \/>\n<meta property=\"og:type\" content=\"article\" \/>\n<meta property=\"og:title\" content=\"Formulaire de demande de personnalisation - Naissance -\" \/>\n<meta property=\"og:url\" content=\"https:\/\/petits-mots-damour.com\/index.php\/formulaire-de-demande-de-personnalisation-naissance\/\" \/>\n<meta name=\"twitter:card\" content=\"summary_large_image\" \/>\n<script type=\"application\/ld+json\" class=\"yoast-schema-graph\">{\"@context\":\"https:\/\/schema.org\",\"@graph\":[{\"@type\":\"WebPage\",\"@id\":\"https:\/\/petits-mots-damour.com\/index.php\/formulaire-de-demande-de-personnalisation-naissance\/\",\"url\":\"https:\/\/petits-mots-damour.com\/index.php\/formulaire-de-demande-de-personnalisation-naissance\/\",\"name\":\"Formulaire de demande de personnalisation - Naissance -\",\"isPartOf\":{\"@id\":\"https:\/\/petits-mots-damour.com\/#website\"},\"datePublished\":\"2022-05-19T08:24:52+00:00\",\"breadcrumb\":{\"@id\":\"https:\/\/petits-mots-damour.com\/index.php\/formulaire-de-demande-de-personnalisation-naissance\/#breadcrumb\"},\"inLanguage\":\"fr-FR\",\"potentialAction\":[{\"@type\":\"ReadAction\",\"target\":[\"https:\/\/petits-mots-damour.com\/index.php\/formulaire-de-demande-de-personnalisation-naissance\/\"]}]},{\"@type\":\"BreadcrumbList\",\"@id\":\"https:\/\/petits-mots-damour.com\/index.php\/formulaire-de-demande-de-personnalisation-naissance\/#breadcrumb\",\"itemListElement\":[{\"@type\":\"ListItem\",\"position\":1,\"name\":\"Accueil\",\"item\":\"https:\/\/petits-mots-damour.com\/\"},{\"@type\":\"ListItem\",\"position\":2,\"name\":\"Formulaire de demande de personnalisation &#8211; Naissance\"}]},{\"@type\":\"WebSite\",\"@id\":\"https:\/\/petits-mots-damour.com\/#website\",\"url\":\"https:\/\/petits-mots-damour.com\/\",\"name\":\"\",\"description\":\"\",\"publisher\":{\"@id\":\"https:\/\/petits-mots-damour.com\/#organization\"},\"potentialAction\":[{\"@type\":\"SearchAction\",\"target\":{\"@type\":\"EntryPoint\",\"urlTemplate\":\"https:\/\/petits-mots-damour.com\/?s={search_term_string}\"},\"query-input\":{\"@type\":\"PropertyValueSpecification\",\"valueRequired\":true,\"valueName\":\"search_term_string\"}}],\"inLanguage\":\"fr-FR\"},{\"@type\":\"Organization\",\"@id\":\"https:\/\/petits-mots-damour.com\/#organization\",\"name\":\"Petits mots d'amour\",\"url\":\"https:\/\/petits-mots-damour.com\/\",\"logo\":{\"@type\":\"ImageObject\",\"inLanguage\":\"fr-FR\",\"@id\":\"https:\/\/petits-mots-damour.com\/#\/schema\/logo\/image\/\",\"url\":\"http:\/\/petits-mots-damour.com\/wp-content\/uploads\/2022\/05\/Logo-Petits-mots-damour-baseline.png\",\"contentUrl\":\"http:\/\/petits-mots-damour.com\/wp-content\/uploads\/2022\/05\/Logo-Petits-mots-damour-baseline.png\",\"width\":544,\"height\":114,\"caption\":\"Petits mots d'amour\"},\"image\":{\"@id\":\"https:\/\/petits-mots-damour.com\/#\/schema\/logo\/image\/\"},\"sameAs\":[\"http:\/\/instagram.com\/petits.motsdamour\/\"]}]}<\/script>\n<!-- \/ Yoast SEO plugin. -->","yoast_head_json":{"title":"Formulaire de demande de personnalisation - Naissance -","robots":{"index":"index","follow":"follow","max-snippet":"max-snippet:-1","max-image-preview":"max-image-preview:large","max-video-preview":"max-video-preview:-1"},"canonical":"https:\/\/petits-mots-damour.com\/index.php\/formulaire-de-demande-de-personnalisation-naissance\/","og_locale":"fr_FR","og_type":"article","og_title":"Formulaire de demande de personnalisation - Naissance -","og_url":"https:\/\/petits-mots-damour.com\/index.php\/formulaire-de-demande-de-personnalisation-naissance\/","twitter_card":"summary_large_image","schema":{"@context":"https:\/\/schema.org","@graph":[{"@type":"WebPage","@id":"https:\/\/petits-mots-damour.com\/index.php\/formulaire-de-demande-de-personnalisation-naissance\/","url":"https:\/\/petits-mots-damour.com\/index.php\/formulaire-de-demande-de-personnalisation-naissance\/","name":"Formulaire de demande de personnalisation - Naissance -","isPartOf":{"@id":"https:\/\/petits-mots-damour.com\/#website"},"datePublished":"2022-05-19T08:24:52+00:00","breadcrumb":{"@id":"https:\/\/petits-mots-damour.com\/index.php\/formulaire-de-demande-de-personnalisation-naissance\/#breadcrumb"},"inLanguage":"fr-FR","potentialAction":[{"@type":"ReadAction","target":["https:\/\/petits-mots-damour.com\/index.php\/formulaire-de-demande-de-personnalisation-naissance\/"]}]},{"@type":"BreadcrumbList","@id":"https:\/\/petits-mots-damour.com\/index.php\/formulaire-de-demande-de-personnalisation-naissance\/#breadcrumb","itemListElement":[{"@type":"ListItem","position":1,"name":"Accueil","item":"https:\/\/petits-mots-damour.com\/"},{"@type":"ListItem","position":2,"name":"Formulaire de demande de personnalisation &#8211; Naissance"}]},{"@type":"WebSite","@id":"https:\/\/petits-mots-damour.com\/#website","url":"https:\/\/petits-mots-damour.com\/","name":"","description":"","publisher":{"@id":"https:\/\/petits-mots-damour.com\/#organization"},"potentialAction":[{"@type":"SearchAction","target":{"@type":"EntryPoint","urlTemplate":"https:\/\/petits-mots-damour.com\/?s={search_term_string}"},"query-input":{"@type":"PropertyValueSpecification","valueRequired":true,"valueName":"search_term_string"}}],"inLanguage":"fr-FR"},{"@type":"Organization","@id":"https:\/\/petits-mots-damour.com\/#organization","name":"Petits mots d'amour","url":"https:\/\/petits-mots-damour.com\/","logo":{"@type":"ImageObject","inLanguage":"fr-FR","@id":"https:\/\/petits-mots-damour.com\/#\/schema\/logo\/image\/","url":"http:\/\/petits-mots-damour.com\/wp-content\/uploads\/2022\/05\/Logo-Petits-mots-damour-baseline.png","contentUrl":"http:\/\/petits-mots-damour.com\/wp-content\/uploads\/2022\/05\/Logo-Petits-mots-damour-baseline.png","width":544,"height":114,"caption":"Petits mots d'amour"},"image":{"@id":"https:\/\/petits-mots-damour.com\/#\/schema\/logo\/image\/"},"sameAs":["http:\/\/instagram.com\/petits.motsdamour\/"]}]}},"_links":{"self":[{"href":"https:\/\/petits-mots-damour.com\/index.php\/wp-json\/wp\/v2\/pages\/180"}],"collection":[{"href":"https:\/\/petits-mots-damour.com\/index.php\/wp-json\/wp\/v2\/pages"}],"about":[{"href":"https:\/\/petits-mots-damour.com\/index.php\/wp-json\/wp\/v2\/types\/page"}],"author":[{"embeddable":true,"href":"https:\/\/petits-mots-damour.com\/index.php\/wp-json\/wp\/v2\/users\/1"}],"replies":[{"embeddable":true,"href":"https:\/\/petits-mots-damour.com\/index.php\/wp-json\/wp\/v2\/comments?post=180"}],"version-history":[{"count":2,"href":"https:\/\/petits-mots-damour.com\/index.php\/wp-json\/wp\/v2\/pages\/180\/revisions"}],"predecessor-version":[{"id":182,"href":"https:\/\/petits-mots-damour.com\/index.php\/wp-json\/wp\/v2\/pages\/180\/revisions\/182"}],"wp:attachment":[{"href":"https:\/\/petits-mots-damour.com\/index.php\/wp-json\/wp\/v2\/media?parent=180"}],"curies":[{"name":"wp","href":"https:\/\/api.w.org\/{rel}","templated":true}]}}