{"id":201,"date":"2022-05-19T14:15:36","date_gmt":"2022-05-19T12:15:36","guid":{"rendered":"http:\/\/petits-mots-damour.com\/?page_id=201"},"modified":"2024-07-09T13:44:52","modified_gmt":"2024-07-09T11:44:52","slug":"mentions-legales","status":"publish","type":"page","link":"https:\/\/petits-mots-damour.com\/index.php\/mentions-legales\/","title":{"rendered":"Mentions l\u00e9gales"},"content":{"rendered":"<div id=\"pl-gb201-69e1db154db93\"  class=\"panel-layout wp-block-siteorigin-panels-layout-block\" ><div id=\"pg-gb201-69e1db154db93-0\"  class=\"panel-grid panel-no-style\" ><div id=\"pgc-gb201-69e1db154db93-0-0\"  class=\"panel-grid-cell\" ><div id=\"panel-gb201-69e1db154db93-0-0-0\" class=\"so-panel widget widget_sow-editor panel-first-child panel-last-child\" data-index=\"0\" ><div\n\t\t\t\n\t\t\tclass=\"so-widget-sow-editor so-widget-sow-editor-base\"\n\t\t\t\n\t\t>\n<div class=\"siteorigin-widget-tinymce textwidget\">\n\t<h1 class=\"page-title\" style=\"text-align: center;\">Mentions l\u00e9gales<\/h1>\n<p>&nbsp;<\/p>\n<h5>Identit\u00e9 de l&#8217;entreprise<br \/>\n<img loading=\"lazy\" decoding=\"async\" class=\"alignnone wp-image-226 size-full\" src=\"http:\/\/petits-mots-damour.com\/wp-content\/uploads\/2022\/05\/Trait-pinceau-e1653328412256.png\" alt=\"Trait pinceau\" width=\"207\" height=\"8\" \/><\/h5>\n<p>SIRET N\u00b093016651700019 \/ RCS : Orleans A 930 166 517<br \/>\nNum\u00e9ro TVA FR71930166517<\/p>\n<p>Sarah FRESNE &#8211; entrepreneur individuel<br \/>\n287 rue des \u00e9coliers &#8211; 45370 M\u00e9zi\u00e8res Lez Cl\u00e9ry<br \/>\nAdresse e-mail : <a href=\"mailto:contact@petits-mots-damour.com\"><span style=\"color: #dfb8a7;\">contact@petits-mots-damour.com<\/span><\/a><br \/>\nNum\u00e9ro de t\u00e9l\u00e9phone : 0786240959<\/p>\n<p>D\u00e9nomination commerciale : <span style=\"color: #dfb8a7;\"><strong>\u00a9 Petits Mots d&#8217;Amour<\/strong><\/span> \u00e0 \u00e9t\u00e9 cr\u00e9\u00e9e en mai 2022<br \/>\nCr\u00e9ation de faire part et autres produits personnalis\u00e9s pour illustrer les plus beaux \u00e9v\u00e9nements que la vie a \u00e0 vous offrir.<\/p>\n<h5>Cr\u00e9ation &amp; r\u00e9alisation<br \/>\n<img loading=\"lazy\" decoding=\"async\" class=\"alignnone size-full wp-image-226\" src=\"http:\/\/petits-mots-damour.com\/wp-content\/uploads\/2022\/05\/Trait-pinceau-e1653328412256.png\" alt=\"Trait pinceau\" width=\"207\" height=\"8\" \/><\/h5>\n<p><span style=\"color: #dfb8a7;\"><strong>\u00a9 Petits Mots d&#8217;Amour<\/strong><\/span><br \/>\n<span style=\"color: #dfb8a7;\"><a style=\"color: #dfb8a7;\" href=\"http:\/\/petits-mots-damour.com\/\" target=\"_blank\" rel=\"noopener\">www.petits-mots-damour.com<\/a><\/span><\/p>\n<p>Cr\u00e9dit photographique : <span style=\"color: #dfb8a7;\"><strong>\u00a9 Petits Mots d&#8217;Amour<\/strong><span style=\"color: #000000;\"> \/ Pixabay Licence<\/span><\/span><\/p>\n<h5>Responsable de publication<br \/>\n<img loading=\"lazy\" decoding=\"async\" class=\"alignnone size-full wp-image-226\" src=\"http:\/\/petits-mots-damour.com\/wp-content\/uploads\/2022\/05\/Trait-pinceau-e1653328412256.png\" alt=\"Trait pinceau\" width=\"207\" height=\"8\" \/><\/h5>\n<p>Sarah FRESNE<br \/>\nAdresse e-mail : contact@petits-mots-damour.com<br \/>\nTous droits r\u00e9serv\u00e9s. Reproduction partielle ou int\u00e9grale interdite sans autorisation.<\/p>\n<h5>\u00c9diteur<br \/>\n<img loading=\"lazy\" decoding=\"async\" class=\"alignnone size-full wp-image-226\" src=\"http:\/\/petits-mots-damour.com\/wp-content\/uploads\/2022\/05\/Trait-pinceau-e1653328412256.png\" alt=\"Trait pinceau\" width=\"207\" height=\"8\" \/><\/h5>\n<p>Le site <span style=\"color: #dfb8a7;\"><a style=\"color: #dfb8a7;\" href=\"http:\/\/petits-mots-damour.com\/\" target=\"_blank\" rel=\"noopener\">www.petits-mots-damour.com<\/a><\/span> est \u00e9dit\u00e9 par l&#8217;EI <span style=\"color: #dfb8a7;\"><strong>\u00a9 Petits Mots d&#8217;Amour<\/strong><\/span><br \/>\nLe site internet est h\u00e9berg\u00e9 par la soci\u00e9t\u00e9 OVH : <span style=\"color: #dfb8a7;\"><a style=\"color: #dfb8a7;\" href=\"http:\/\/www.ovh.com\" target=\"_blank\" rel=\"noopener\">www.ovh.com<\/a><\/span><\/p>\n<h5>Propri\u00e9t\u00e9 intellectuelle<br \/>\n<img loading=\"lazy\" decoding=\"async\" class=\"alignnone size-full wp-image-226\" src=\"http:\/\/petits-mots-damour.com\/wp-content\/uploads\/2022\/05\/Trait-pinceau-e1653328412256.png\" alt=\"Trait pinceau\" width=\"207\" height=\"8\" \/><\/h5>\n<p>Les textes et les \u00e9l\u00e9ments graphiques, leur pr\u00e9sentation et leur assemblage figurant dans ce site sont la propri\u00e9t\u00e9 exclusive de <span style=\"color: #dfb8a7;\"><strong>\u00a9 Petits Mots d&#8217;Amour<\/strong><\/span> et<span style=\"color: #000000;\"> des auteurs concern\u00e9s (Toutes photos : droits r\u00e9serv\u00e9s).<\/span><br \/>\nIls constituent des \u0153uvres et sont prot\u00e9g\u00e9s en tant que telles par les r\u00e8gles relatives \u00e0 la propri\u00e9t\u00e9 intellectuelle.<br \/>\nL\u2019utilisation des informations contenues sur le pr\u00e9sent site rel\u00e8ve de la seule responsabilit\u00e9 de son utilisateur. Toutes les ressources contenues dans ce site, textes, visuels et illustrations (sch\u00e9mas, dessins, photographies et animations informatiques) sont communiqu\u00e9s \u00e0 titre purement informatif et ne peuvent en rien engager la responsabilit\u00e9 de l\u2019\u00e9diteur.<br \/>\nVous n\u2019\u00eates donc pas autoris\u00e9 \u00e0 reproduire le code HTML des pages de ce serveur dans un but de diffusion publique.<br \/>\nLa reproduction de tout ou partie de ce site sur un support quel qu\u2019il soit, est formellement interdite sauf autorisation expresse de l\u2019\u00e9diteur.<\/p>\n<h5>Informatique &amp; libert\u00e9<br \/>\n<img loading=\"lazy\" decoding=\"async\" class=\"alignnone size-full wp-image-226\" src=\"http:\/\/petits-mots-damour.com\/wp-content\/uploads\/2022\/05\/Trait-pinceau-e1653328412256.png\" alt=\"Trait pinceau\" width=\"207\" height=\"8\" \/><\/h5>\n<p><span style=\"font-size: 16px;\">Les informations recueillies aupr\u00e8s des personnes par le biais des formulaires sont exclusivement utilis\u00e9es pour l\u2019objet indiqu\u00e9. Chaque personne utilisatrice du site internet peut demander que soient rectifi\u00e9es, compl\u00e9t\u00e9es, clarifi\u00e9es, mises \u00e0 jour ou effac\u00e9es les informations la concernant qui seraient inexactes, incompl\u00e8tes, p\u00e9rim\u00e9es, ou dont la collecte, l\u2019utilisation, la communication ou la conservation est interdite.<\/span><\/p>\n<p>Vous disposez d\u2019un droit d\u2019acc\u00e8s, de modification, de rectification et de suppression des donn\u00e9es qui vous concernent (loi \u201cInformatique et Libert\u00e9s\u201d du 6 janvier 1978). Pour exercer ce droit, contactez <span style=\"color: #dfb8a7;\"><strong>\u00a9 Petits Mots d&#8217;Amour<\/strong><\/span> par courrier en pr\u00e9cisant votre demande (suppression, modification, acc\u00e8s), libell\u00e9 comme suit \u00e0 l\u2019adresse suivante :<br \/>\nSarah FRESNE &#8211; Petits Mots d&#8217;Amour<br \/>\n287 rue des \u00e9coliers &#8211; 45370 M\u00e9zi\u00e8res Lez Cl\u00e9ry<br \/>\nL\u2019utilisateur reconnaissant que tout autre mode de transmission serait consid\u00e9r\u00e9 comme nul et non avenu.<\/p>\n<\/div>\n<\/div><\/div><\/div><\/div><\/div>","protected":false},"excerpt":{"rendered":"<p>Mentions l\u00e9gales &nbsp; Identit\u00e9 de l&#8217;entreprise SIRET N\u00b093016651700019 \/ RCS : Orleans A 930 166 517 Num\u00e9ro TVA FR71930166517 Sarah FRESNE &#8211; entrepreneur individuel 287 &hellip; <\/p>\n","protected":false},"author":1,"featured_media":0,"parent":0,"menu_order":0,"comment_status":"closed","ping_status":"closed","template":"","meta":{"footnotes":""},"yoast_head":"<!-- This site is optimized with the Yoast SEO plugin v24.5 - https:\/\/yoast.com\/wordpress\/plugins\/seo\/ -->\n<title>Mentions l\u00e9gales -<\/title>\n<meta name=\"robots\" content=\"index, follow, max-snippet:-1, max-image-preview:large, max-video-preview:-1\" \/>\n<link rel=\"canonical\" href=\"https:\/\/petits-mots-damour.com\/index.php\/mentions-legales\/\" \/>\n<meta property=\"og:locale\" content=\"fr_FR\" \/>\n<meta property=\"og:type\" content=\"article\" \/>\n<meta property=\"og:title\" content=\"Mentions l\u00e9gales -\" \/>\n<meta property=\"og:description\" content=\"Mentions l\u00e9gales &nbsp; Identit\u00e9 de l&#039;entreprise SIRET N\u00b093016651700019 \/ RCS : Orleans A 930 166 517 Num\u00e9ro TVA FR71930166517 Sarah FRESNE - entrepreneur individuel 287 &hellip;\" \/>\n<meta property=\"og:url\" content=\"https:\/\/petits-mots-damour.com\/index.php\/mentions-legales\/\" \/>\n<meta property=\"article:modified_time\" content=\"2024-07-09T11:44:52+00:00\" \/>\n<meta name=\"twitter:card\" content=\"summary_large_image\" \/>\n<meta name=\"twitter:label1\" content=\"Dur\u00e9e de lecture estim\u00e9e\" \/>\n\t<meta name=\"twitter:data1\" content=\"4 minutes\" \/>\n<script type=\"application\/ld+json\" class=\"yoast-schema-graph\">{\"@context\":\"https:\/\/schema.org\",\"@graph\":[{\"@type\":\"WebPage\",\"@id\":\"https:\/\/petits-mots-damour.com\/index.php\/mentions-legales\/\",\"url\":\"https:\/\/petits-mots-damour.com\/index.php\/mentions-legales\/\",\"name\":\"Mentions l\u00e9gales -\",\"isPartOf\":{\"@id\":\"https:\/\/petits-mots-damour.com\/#website\"},\"datePublished\":\"2022-05-19T12:15:36+00:00\",\"dateModified\":\"2024-07-09T11:44:52+00:00\",\"breadcrumb\":{\"@id\":\"https:\/\/petits-mots-damour.com\/index.php\/mentions-legales\/#breadcrumb\"},\"inLanguage\":\"fr-FR\",\"potentialAction\":[{\"@type\":\"ReadAction\",\"target\":[\"https:\/\/petits-mots-damour.com\/index.php\/mentions-legales\/\"]}]},{\"@type\":\"BreadcrumbList\",\"@id\":\"https:\/\/petits-mots-damour.com\/index.php\/mentions-legales\/#breadcrumb\",\"itemListElement\":[{\"@type\":\"ListItem\",\"position\":1,\"name\":\"Accueil\",\"item\":\"https:\/\/petits-mots-damour.com\/\"},{\"@type\":\"ListItem\",\"position\":2,\"name\":\"Mentions l\u00e9gales\"}]},{\"@type\":\"WebSite\",\"@id\":\"https:\/\/petits-mots-damour.com\/#website\",\"url\":\"https:\/\/petits-mots-damour.com\/\",\"name\":\"\",\"description\":\"\",\"publisher\":{\"@id\":\"https:\/\/petits-mots-damour.com\/#organization\"},\"potentialAction\":[{\"@type\":\"SearchAction\",\"target\":{\"@type\":\"EntryPoint\",\"urlTemplate\":\"https:\/\/petits-mots-damour.com\/?s={search_term_string}\"},\"query-input\":{\"@type\":\"PropertyValueSpecification\",\"valueRequired\":true,\"valueName\":\"search_term_string\"}}],\"inLanguage\":\"fr-FR\"},{\"@type\":\"Organization\",\"@id\":\"https:\/\/petits-mots-damour.com\/#organization\",\"name\":\"Petits mots d'amour\",\"url\":\"https:\/\/petits-mots-damour.com\/\",\"logo\":{\"@type\":\"ImageObject\",\"inLanguage\":\"fr-FR\",\"@id\":\"https:\/\/petits-mots-damour.com\/#\/schema\/logo\/image\/\",\"url\":\"http:\/\/petits-mots-damour.com\/wp-content\/uploads\/2022\/05\/Logo-Petits-mots-damour-baseline.png\",\"contentUrl\":\"http:\/\/petits-mots-damour.com\/wp-content\/uploads\/2022\/05\/Logo-Petits-mots-damour-baseline.png\",\"width\":544,\"height\":114,\"caption\":\"Petits mots d'amour\"},\"image\":{\"@id\":\"https:\/\/petits-mots-damour.com\/#\/schema\/logo\/image\/\"},\"sameAs\":[\"http:\/\/instagram.com\/petits.motsdamour\/\"]}]}<\/script>\n<!-- \/ Yoast SEO plugin. -->","yoast_head_json":{"title":"Mentions l\u00e9gales -","robots":{"index":"index","follow":"follow","max-snippet":"max-snippet:-1","max-image-preview":"max-image-preview:large","max-video-preview":"max-video-preview:-1"},"canonical":"https:\/\/petits-mots-damour.com\/index.php\/mentions-legales\/","og_locale":"fr_FR","og_type":"article","og_title":"Mentions l\u00e9gales -","og_description":"Mentions l\u00e9gales &nbsp; Identit\u00e9 de l'entreprise SIRET N\u00b093016651700019 \/ RCS : Orleans A 930 166 517 Num\u00e9ro TVA FR71930166517 Sarah FRESNE - entrepreneur individuel 287 &hellip;","og_url":"https:\/\/petits-mots-damour.com\/index.php\/mentions-legales\/","article_modified_time":"2024-07-09T11:44:52+00:00","twitter_card":"summary_large_image","twitter_misc":{"Dur\u00e9e de lecture estim\u00e9e":"4 minutes"},"schema":{"@context":"https:\/\/schema.org","@graph":[{"@type":"WebPage","@id":"https:\/\/petits-mots-damour.com\/index.php\/mentions-legales\/","url":"https:\/\/petits-mots-damour.com\/index.php\/mentions-legales\/","name":"Mentions l\u00e9gales -","isPartOf":{"@id":"https:\/\/petits-mots-damour.com\/#website"},"datePublished":"2022-05-19T12:15:36+00:00","dateModified":"2024-07-09T11:44:52+00:00","breadcrumb":{"@id":"https:\/\/petits-mots-damour.com\/index.php\/mentions-legales\/#breadcrumb"},"inLanguage":"fr-FR","potentialAction":[{"@type":"ReadAction","target":["https:\/\/petits-mots-damour.com\/index.php\/mentions-legales\/"]}]},{"@type":"BreadcrumbList","@id":"https:\/\/petits-mots-damour.com\/index.php\/mentions-legales\/#breadcrumb","itemListElement":[{"@type":"ListItem","position":1,"name":"Accueil","item":"https:\/\/petits-mots-damour.com\/"},{"@type":"ListItem","position":2,"name":"Mentions l\u00e9gales"}]},{"@type":"WebSite","@id":"https:\/\/petits-mots-damour.com\/#website","url":"https:\/\/petits-mots-damour.com\/","name":"","description":"","publisher":{"@id":"https:\/\/petits-mots-damour.com\/#organization"},"potentialAction":[{"@type":"SearchAction","target":{"@type":"EntryPoint","urlTemplate":"https:\/\/petits-mots-damour.com\/?s={search_term_string}"},"query-input":{"@type":"PropertyValueSpecification","valueRequired":true,"valueName":"search_term_string"}}],"inLanguage":"fr-FR"},{"@type":"Organization","@id":"https:\/\/petits-mots-damour.com\/#organization","name":"Petits mots d'amour","url":"https:\/\/petits-mots-damour.com\/","logo":{"@type":"ImageObject","inLanguage":"fr-FR","@id":"https:\/\/petits-mots-damour.com\/#\/schema\/logo\/image\/","url":"http:\/\/petits-mots-damour.com\/wp-content\/uploads\/2022\/05\/Logo-Petits-mots-damour-baseline.png","contentUrl":"http:\/\/petits-mots-damour.com\/wp-content\/uploads\/2022\/05\/Logo-Petits-mots-damour-baseline.png","width":544,"height":114,"caption":"Petits mots d'amour"},"image":{"@id":"https:\/\/petits-mots-damour.com\/#\/schema\/logo\/image\/"},"sameAs":["http:\/\/instagram.com\/petits.motsdamour\/"]}]}},"_links":{"self":[{"href":"https:\/\/petits-mots-damour.com\/index.php\/wp-json\/wp\/v2\/pages\/201"}],"collection":[{"href":"https:\/\/petits-mots-damour.com\/index.php\/wp-json\/wp\/v2\/pages"}],"about":[{"href":"https:\/\/petits-mots-damour.com\/index.php\/wp-json\/wp\/v2\/types\/page"}],"author":[{"embeddable":true,"href":"https:\/\/petits-mots-damour.com\/index.php\/wp-json\/wp\/v2\/users\/1"}],"replies":[{"embeddable":true,"href":"https:\/\/petits-mots-damour.com\/index.php\/wp-json\/wp\/v2\/comments?post=201"}],"version-history":[{"count":19,"href":"https:\/\/petits-mots-damour.com\/index.php\/wp-json\/wp\/v2\/pages\/201\/revisions"}],"predecessor-version":[{"id":778,"href":"https:\/\/petits-mots-damour.com\/index.php\/wp-json\/wp\/v2\/pages\/201\/revisions\/778"}],"wp:attachment":[{"href":"https:\/\/petits-mots-damour.com\/index.php\/wp-json\/wp\/v2\/media?parent=201"}],"curies":[{"name":"wp","href":"https:\/\/api.w.org\/{rel}","templated":true}]}}