{"id":387,"date":"2022-06-06T22:57:12","date_gmt":"2022-06-06T20:57:12","guid":{"rendered":"http:\/\/petits-mots-damour.com\/?post_type=product&#038;p=387"},"modified":"2022-06-17T11:33:05","modified_gmt":"2022-06-17T09:33:05","slug":"faire-part-naissance-signe-astrologique","status":"publish","type":"product","link":"https:\/\/petits-mots-damour.com\/index.php\/produit\/faire-part-naissance-signe-astrologique\/","title":{"rendered":"Faire part naissance <br \/> signe astrologique"},"content":{"rendered":"<p>Dimensions du faire part : 12 x 12 cm<br \/>\nImpression recto\/verso<br \/>\nPapier : \u00e0 d\u00e9finir<\/p>\n<hr \/>\n<p>Un produit 100% personnalis\u00e9 fait en France !<br \/>\nLivraison offerte et exp\u00e9di\u00e9e sous 48h (jour ouvr\u00e9) \u00e0 r\u00e9ception du paiement.<\/p>\n<hr \/>\n<p><span style=\"color: #dfb8a7;\"><strong>Pour personnaliser votre faire part, vous pouvez aussi y ins\u00e9rer les informations suivantes :<\/strong><\/span><\/p>\n<ul>\n<li>le ou les pr\u00e9noms de votre enfant (exemple : Matt\u00e9o CERGY Patrick Louis<\/li>\n<li>votre liste de naissance <em>(exemple : &#8220;Une liste de naissance \u00e0 \u00e9t\u00e9 d\u00e9pos\u00e9e chez (nom du magasin) ou est disponible sur (nom du site internet).&#8221;)<\/em><\/li>\n<\/ul>\n<hr \/>\n<p>&nbsp;<\/p>\n","protected":false},"excerpt":{"rendered":"<h3>A partir de 1,70 \u20ac<\/h3>\n<p>&nbsp;<\/p>\n<p>Le faire part de naissance &#8230;&#8230;&#8230;<\/p>\n<hr \/>\n<h4><span style=\"color: #dfb8a7;\">1\/ Personnalisez<\/span><\/h4>\n<p>Vous \u00eates int\u00e9ress\u00e9 par ce faire part, remplissez un formulaire de demande de personnalisation sans engagement.<br \/>\n<a href=\"http:\/\/petits-mots-damour.com\/index.php\/formulaire-de-demande-de-personnalisation-naissance\" target=\"_blank\" rel=\"noopener\"><img loading=\"lazy\" decoding=\"async\" class=\"alignnone wp-image-183 size-full\" src=\"http:\/\/petits-mots-damour.com\/wp-content\/uploads\/2022\/05\/Bouton-formulaire-1.png\" alt=\"Bouton formulaire\" width=\"200\" height=\"57\" \/><\/a><\/p>\n<h4><span style=\"color: #dfb8a7;\">2\/ Echangez<\/span><\/h4>\n<p>Notre graphiste vous r\u00e9pond sous 48h. A r\u00e9ception de votre maquette personnalis\u00e9e, vous pouvez dialoguez pour adapter nos textes \u00e0 votre histoire, jusqu\u2019\u00e0 la validation du visuel final.<\/p>\n<h4><span style=\"color: #dfb8a7;\">3\/ Commandez<\/span><\/h4>\n<p>Indiquez la quantit\u00e9 d&#8217;exemplaires souhait\u00e9s et validez ma commande.<\/p>\n<hr \/>\n<p>Le prix unitaire est d\u00e9gressif en fonction de la quantit\u00e9 command\u00e9e<br \/>\n25 \u00e0 49 ex : 2,30\u20ac \/ 50 \u00e0 99 ex : 2,10\u20ac<br \/>\n100 \u00e0 149 ex : 1,90\u20ac \/ + de 150 ex : 1,70\u20ac<\/p>\n<p><em>Un minimum de 25 exemplaires est requis pour passer commande<\/em><\/p>\n","protected":false},"featured_media":390,"comment_status":"open","ping_status":"closed","template":"","meta":[],"product_cat":[19],"product_tag":[22,63,20,21,51,62],"yoast_head":"<!-- This site is optimized with the Yoast SEO plugin v24.5 - https:\/\/yoast.com\/wordpress\/plugins\/seo\/ -->\n<title>Faire part naissance  signe astrologique -<\/title>\n<meta name=\"robots\" content=\"index, follow, max-snippet:-1, max-image-preview:large, max-video-preview:-1\" \/>\n<link rel=\"canonical\" href=\"https:\/\/petits-mots-damour.com\/index.php\/produit\/faire-part-naissance-signe-astrologique\/\" \/>\n<meta property=\"og:locale\" content=\"fr_FR\" \/>\n<meta property=\"og:type\" content=\"article\" \/>\n<meta property=\"og:title\" content=\"Faire part naissance  signe astrologique -\" \/>\n<meta property=\"og:description\" content=\"A partir de 1,70 \u20ac &nbsp;  Le faire part de naissance .........    1\/ Personnalisez Vous \u00eates int\u00e9ress\u00e9 par ce faire part, remplissez un formulaire de demande de personnalisation sans engagement.  2\/ Echangez Notre graphiste vous r\u00e9pond sous 48h. A r\u00e9ception de votre maquette personnalis\u00e9e, vous pouvez dialoguez pour adapter nos textes \u00e0 votre histoire, jusqu\u2019\u00e0 la validation du visuel final. 3\/ Commandez Indiquez la quantit\u00e9 d&#039;exemplaires souhait\u00e9s et validez ma commande.    Le prix unitaire est d\u00e9gressif en fonction de la quantit\u00e9 command\u00e9e 25 \u00e0 49 ex : 2,30\u20ac \/ 50 \u00e0 99 ex : 2,10\u20ac 100 \u00e0 149 ex : 1,90\u20ac \/ + de 150 ex : 1,70\u20ac  Un minimum de 25 exemplaires est requis pour passer commande\" \/>\n<meta property=\"og:url\" content=\"https:\/\/petits-mots-damour.com\/index.php\/produit\/faire-part-naissance-signe-astrologique\/\" \/>\n<meta property=\"article:modified_time\" content=\"2022-06-17T09:33:05+00:00\" \/>\n<meta property=\"og:image\" content=\"https:\/\/petits-mots-damour.com\/wp-content\/uploads\/2022\/06\/Faire-part-signe-astrologique-Poissons.jpg\" \/>\n\t<meta property=\"og:image:width\" content=\"1500\" \/>\n\t<meta property=\"og:image:height\" content=\"1500\" \/>\n\t<meta property=\"og:image:type\" content=\"image\/jpeg\" \/>\n<meta name=\"twitter:card\" content=\"summary_large_image\" \/>\n<meta name=\"twitter:label1\" content=\"Dur\u00e9e de lecture estim\u00e9e\" \/>\n\t<meta name=\"twitter:data1\" content=\"1 minute\" \/>\n<script type=\"application\/ld+json\" class=\"yoast-schema-graph\">{\"@context\":\"https:\/\/schema.org\",\"@graph\":[{\"@type\":\"WebPage\",\"@id\":\"https:\/\/petits-mots-damour.com\/index.php\/produit\/faire-part-naissance-signe-astrologique\/\",\"url\":\"https:\/\/petits-mots-damour.com\/index.php\/produit\/faire-part-naissance-signe-astrologique\/\",\"name\":\"Faire part naissance signe astrologique -\",\"isPartOf\":{\"@id\":\"https:\/\/petits-mots-damour.com\/#website\"},\"primaryImageOfPage\":{\"@id\":\"https:\/\/petits-mots-damour.com\/index.php\/produit\/faire-part-naissance-signe-astrologique\/#primaryimage\"},\"image\":{\"@id\":\"https:\/\/petits-mots-damour.com\/index.php\/produit\/faire-part-naissance-signe-astrologique\/#primaryimage\"},\"thumbnailUrl\":\"https:\/\/petits-mots-damour.com\/wp-content\/uploads\/2022\/06\/Faire-part-signe-astrologique-Poissons.jpg\",\"datePublished\":\"2022-06-06T20:57:12+00:00\",\"dateModified\":\"2022-06-17T09:33:05+00:00\",\"breadcrumb\":{\"@id\":\"https:\/\/petits-mots-damour.com\/index.php\/produit\/faire-part-naissance-signe-astrologique\/#breadcrumb\"},\"inLanguage\":\"fr-FR\",\"potentialAction\":[{\"@type\":\"ReadAction\",\"target\":[\"https:\/\/petits-mots-damour.com\/index.php\/produit\/faire-part-naissance-signe-astrologique\/\"]}]},{\"@type\":\"ImageObject\",\"inLanguage\":\"fr-FR\",\"@id\":\"https:\/\/petits-mots-damour.com\/index.php\/produit\/faire-part-naissance-signe-astrologique\/#primaryimage\",\"url\":\"https:\/\/petits-mots-damour.com\/wp-content\/uploads\/2022\/06\/Faire-part-signe-astrologique-Poissons.jpg\",\"contentUrl\":\"https:\/\/petits-mots-damour.com\/wp-content\/uploads\/2022\/06\/Faire-part-signe-astrologique-Poissons.jpg\",\"width\":1500,\"height\":1500,\"caption\":\"Faire part signe astrologique Poissons\"},{\"@type\":\"BreadcrumbList\",\"@id\":\"https:\/\/petits-mots-damour.com\/index.php\/produit\/faire-part-naissance-signe-astrologique\/#breadcrumb\",\"itemListElement\":[{\"@type\":\"ListItem\",\"position\":1,\"name\":\"Accueil\",\"item\":\"https:\/\/petits-mots-damour.com\/\"},{\"@type\":\"ListItem\",\"position\":2,\"name\":\"Boutique\",\"item\":\"https:\/\/petits-mots-damour.com\/index.php\/boutique\/\"},{\"@type\":\"ListItem\",\"position\":3,\"name\":\"Faire part naissance signe astrologique\"}]},{\"@type\":\"WebSite\",\"@id\":\"https:\/\/petits-mots-damour.com\/#website\",\"url\":\"https:\/\/petits-mots-damour.com\/\",\"name\":\"\",\"description\":\"\",\"publisher\":{\"@id\":\"https:\/\/petits-mots-damour.com\/#organization\"},\"potentialAction\":[{\"@type\":\"SearchAction\",\"target\":{\"@type\":\"EntryPoint\",\"urlTemplate\":\"https:\/\/petits-mots-damour.com\/?s={search_term_string}\"},\"query-input\":{\"@type\":\"PropertyValueSpecification\",\"valueRequired\":true,\"valueName\":\"search_term_string\"}}],\"inLanguage\":\"fr-FR\"},{\"@type\":\"Organization\",\"@id\":\"https:\/\/petits-mots-damour.com\/#organization\",\"name\":\"Petits mots d'amour\",\"url\":\"https:\/\/petits-mots-damour.com\/\",\"logo\":{\"@type\":\"ImageObject\",\"inLanguage\":\"fr-FR\",\"@id\":\"https:\/\/petits-mots-damour.com\/#\/schema\/logo\/image\/\",\"url\":\"http:\/\/petits-mots-damour.com\/wp-content\/uploads\/2022\/05\/Logo-Petits-mots-damour-baseline.png\",\"contentUrl\":\"http:\/\/petits-mots-damour.com\/wp-content\/uploads\/2022\/05\/Logo-Petits-mots-damour-baseline.png\",\"width\":544,\"height\":114,\"caption\":\"Petits mots d'amour\"},\"image\":{\"@id\":\"https:\/\/petits-mots-damour.com\/#\/schema\/logo\/image\/\"},\"sameAs\":[\"http:\/\/instagram.com\/petits.motsdamour\/\"]}]}<\/script>\n<!-- \/ Yoast SEO plugin. -->","yoast_head_json":{"title":"Faire part naissance  signe astrologique -","robots":{"index":"index","follow":"follow","max-snippet":"max-snippet:-1","max-image-preview":"max-image-preview:large","max-video-preview":"max-video-preview:-1"},"canonical":"https:\/\/petits-mots-damour.com\/index.php\/produit\/faire-part-naissance-signe-astrologique\/","og_locale":"fr_FR","og_type":"article","og_title":"Faire part naissance  signe astrologique -","og_description":"A partir de 1,70 \u20ac &nbsp;  Le faire part de naissance .........    1\/ Personnalisez Vous \u00eates int\u00e9ress\u00e9 par ce faire part, remplissez un formulaire de demande de personnalisation sans engagement.  2\/ Echangez Notre graphiste vous r\u00e9pond sous 48h. A r\u00e9ception de votre maquette personnalis\u00e9e, vous pouvez dialoguez pour adapter nos textes \u00e0 votre histoire, jusqu\u2019\u00e0 la validation du visuel final. 3\/ Commandez Indiquez la quantit\u00e9 d'exemplaires souhait\u00e9s et validez ma commande.    Le prix unitaire est d\u00e9gressif en fonction de la quantit\u00e9 command\u00e9e 25 \u00e0 49 ex : 2,30\u20ac \/ 50 \u00e0 99 ex : 2,10\u20ac 100 \u00e0 149 ex : 1,90\u20ac \/ + de 150 ex : 1,70\u20ac  Un minimum de 25 exemplaires est requis pour passer commande","og_url":"https:\/\/petits-mots-damour.com\/index.php\/produit\/faire-part-naissance-signe-astrologique\/","article_modified_time":"2022-06-17T09:33:05+00:00","og_image":[{"width":1500,"height":1500,"url":"https:\/\/petits-mots-damour.com\/wp-content\/uploads\/2022\/06\/Faire-part-signe-astrologique-Poissons.jpg","type":"image\/jpeg"}],"twitter_card":"summary_large_image","twitter_misc":{"Dur\u00e9e de lecture estim\u00e9e":"1 minute"},"schema":{"@context":"https:\/\/schema.org","@graph":[{"@type":"WebPage","@id":"https:\/\/petits-mots-damour.com\/index.php\/produit\/faire-part-naissance-signe-astrologique\/","url":"https:\/\/petits-mots-damour.com\/index.php\/produit\/faire-part-naissance-signe-astrologique\/","name":"Faire part naissance signe astrologique -","isPartOf":{"@id":"https:\/\/petits-mots-damour.com\/#website"},"primaryImageOfPage":{"@id":"https:\/\/petits-mots-damour.com\/index.php\/produit\/faire-part-naissance-signe-astrologique\/#primaryimage"},"image":{"@id":"https:\/\/petits-mots-damour.com\/index.php\/produit\/faire-part-naissance-signe-astrologique\/#primaryimage"},"thumbnailUrl":"https:\/\/petits-mots-damour.com\/wp-content\/uploads\/2022\/06\/Faire-part-signe-astrologique-Poissons.jpg","datePublished":"2022-06-06T20:57:12+00:00","dateModified":"2022-06-17T09:33:05+00:00","breadcrumb":{"@id":"https:\/\/petits-mots-damour.com\/index.php\/produit\/faire-part-naissance-signe-astrologique\/#breadcrumb"},"inLanguage":"fr-FR","potentialAction":[{"@type":"ReadAction","target":["https:\/\/petits-mots-damour.com\/index.php\/produit\/faire-part-naissance-signe-astrologique\/"]}]},{"@type":"ImageObject","inLanguage":"fr-FR","@id":"https:\/\/petits-mots-damour.com\/index.php\/produit\/faire-part-naissance-signe-astrologique\/#primaryimage","url":"https:\/\/petits-mots-damour.com\/wp-content\/uploads\/2022\/06\/Faire-part-signe-astrologique-Poissons.jpg","contentUrl":"https:\/\/petits-mots-damour.com\/wp-content\/uploads\/2022\/06\/Faire-part-signe-astrologique-Poissons.jpg","width":1500,"height":1500,"caption":"Faire part signe astrologique Poissons"},{"@type":"BreadcrumbList","@id":"https:\/\/petits-mots-damour.com\/index.php\/produit\/faire-part-naissance-signe-astrologique\/#breadcrumb","itemListElement":[{"@type":"ListItem","position":1,"name":"Accueil","item":"https:\/\/petits-mots-damour.com\/"},{"@type":"ListItem","position":2,"name":"Boutique","item":"https:\/\/petits-mots-damour.com\/index.php\/boutique\/"},{"@type":"ListItem","position":3,"name":"Faire part naissance signe astrologique"}]},{"@type":"WebSite","@id":"https:\/\/petits-mots-damour.com\/#website","url":"https:\/\/petits-mots-damour.com\/","name":"","description":"","publisher":{"@id":"https:\/\/petits-mots-damour.com\/#organization"},"potentialAction":[{"@type":"SearchAction","target":{"@type":"EntryPoint","urlTemplate":"https:\/\/petits-mots-damour.com\/?s={search_term_string}"},"query-input":{"@type":"PropertyValueSpecification","valueRequired":true,"valueName":"search_term_string"}}],"inLanguage":"fr-FR"},{"@type":"Organization","@id":"https:\/\/petits-mots-damour.com\/#organization","name":"Petits mots d'amour","url":"https:\/\/petits-mots-damour.com\/","logo":{"@type":"ImageObject","inLanguage":"fr-FR","@id":"https:\/\/petits-mots-damour.com\/#\/schema\/logo\/image\/","url":"http:\/\/petits-mots-damour.com\/wp-content\/uploads\/2022\/05\/Logo-Petits-mots-damour-baseline.png","contentUrl":"http:\/\/petits-mots-damour.com\/wp-content\/uploads\/2022\/05\/Logo-Petits-mots-damour-baseline.png","width":544,"height":114,"caption":"Petits mots d'amour"},"image":{"@id":"https:\/\/petits-mots-damour.com\/#\/schema\/logo\/image\/"},"sameAs":["http:\/\/instagram.com\/petits.motsdamour\/"]}]}},"_links":{"self":[{"href":"https:\/\/petits-mots-damour.com\/index.php\/wp-json\/wp\/v2\/product\/387"}],"collection":[{"href":"https:\/\/petits-mots-damour.com\/index.php\/wp-json\/wp\/v2\/product"}],"about":[{"href":"https:\/\/petits-mots-damour.com\/index.php\/wp-json\/wp\/v2\/types\/product"}],"replies":[{"embeddable":true,"href":"https:\/\/petits-mots-damour.com\/index.php\/wp-json\/wp\/v2\/comments?post=387"}],"wp:featuredmedia":[{"embeddable":true,"href":"https:\/\/petits-mots-damour.com\/index.php\/wp-json\/wp\/v2\/media\/390"}],"wp:attachment":[{"href":"https:\/\/petits-mots-damour.com\/index.php\/wp-json\/wp\/v2\/media?parent=387"}],"wp:term":[{"taxonomy":"product_cat","embeddable":true,"href":"https:\/\/petits-mots-damour.com\/index.php\/wp-json\/wp\/v2\/product_cat?post=387"},{"taxonomy":"product_tag","embeddable":true,"href":"https:\/\/petits-mots-damour.com\/index.php\/wp-json\/wp\/v2\/product_tag?post=387"}],"curies":[{"name":"wp","href":"https:\/\/api.w.org\/{rel}","templated":true}]}}